{"id":9975,"date":"2024-09-06T16:42:24","date_gmt":"2024-09-06T13:42:24","guid":{"rendered":"https:\/\/ceoparts.com\/?post_type=product&#038;p=9975"},"modified":"2026-05-03T03:05:12","modified_gmt":"2026-05-03T00:05:12","slug":"100x74-78-17-ceoparts-yuk-tekeri","status":"publish","type":"product","link":"https:\/\/ceoparts.com\/tr\/urun\/100x74-78-17-ceoparts-yuk-tekeri\/","title":{"rendered":"100&#215;74\/78-17 Ceoparts Y\u00fck Tekeri"},"content":{"rendered":"<p>100&#215;74\/78-17 Ceoparts Y\u00fck Tekeri<\/p>","protected":false},"excerpt":{"rendered":"<p data-start=\"96\" data-end=\"517\"><br data-start=\"101\" data-end=\"104\" \/>Forklift ve i\u015f makineleri i\u00e7in \u00f6zel olarak tasarlanm\u0131\u015f <strong data-start=\"159\" data-end=\"195\">100\u00d774\/78-17 Ceoparts Y\u00fck Tekeri<\/strong>, y\u00fcksek ta\u015f\u0131ma kapasitesi ve dayan\u0131kl\u0131l\u0131k sa\u011flar. Kaliteli kau\u00e7uk ve g\u00fc\u00e7lendirilmi\u015f metal g\u00f6vde kombinasyonu, zorlu \u00e7al\u0131\u015fma ko\u015fullar\u0131nda uzun \u00f6m\u00fcrl\u00fc performans sunar. Operat\u00f6r konforunu art\u0131rmak i\u00e7in titre\u015fimleri azalt\u0131r ve makine verimlili\u011fini optimize eder. Kolay bak\u0131m imkan\u0131 ile i\u015f g\u00fcvenli\u011fi i\u00e7in kritik bir par\u00e7ad\u0131r.<\/p>\n<p data-start=\"519\" data-end=\"832\"><strong data-start=\"519\" data-end=\"533\">\u00d6zellikler<\/strong><br data-start=\"533\" data-end=\"536\" \/><strong data-start=\"536\" data-end=\"549\">\u00dcr\u00fcn Ad\u0131:<\/strong> Y\u00fck Tekeri<br data-start=\"560\" data-end=\"563\" \/><strong data-start=\"563\" data-end=\"578\">Par\u00e7a Kodu:<\/strong> &#8211;\u00a0<br data-start=\"604\" data-end=\"607\" \/><strong data-start=\"607\" data-end=\"619\">Malzeme:<\/strong> Dayan\u0131kl\u0131 kau\u00e7uk, g\u00fc\u00e7lendirilmi\u015f metal g\u00f6vde<br data-start=\"664\" data-end=\"667\" \/><strong data-start=\"667\" data-end=\"686\">Kullan\u0131m Alan\u0131:<\/strong> Forklift ve i\u015f makineleri y\u00fck ta\u015f\u0131ma sistemi<br data-start=\"731\" data-end=\"734\" \/><strong data-start=\"734\" data-end=\"746\">Avantaj:<\/strong> Y\u00fcksek a\u015f\u0131nma direnci, uzun \u00f6m\u00fcr, titre\u015fim azaltma, kolay bak\u0131m, geli\u015fmi\u015f stabilite<\/p>\n<p data-start=\"834\" data-end=\"1263\">\n","protected":false},"featured_media":15519,"template":"","meta":[],"product_brand":[],"product_cat":[398,400,395],"product_tag":[],"class_list":{"0":"post-9975","1":"product","2":"type-product","3":"status-publish","4":"has-post-thumbnail","6":"product_cat-catal-tekeri-ceo","7":"product_cat-catal-tekeri","8":"product_cat-ceoparts","10":"first","11":"instock","12":"taxable","13":"shipping-taxable","14":"purchasable","15":"product-type-simple"},"_links":{"self":[{"href":"https:\/\/ceoparts.com\/tr\/wp-json\/wp\/v2\/product\/9975","targetHints":{"allow":["GET"]}}],"collection":[{"href":"https:\/\/ceoparts.com\/tr\/wp-json\/wp\/v2\/product"}],"about":[{"href":"https:\/\/ceoparts.com\/tr\/wp-json\/wp\/v2\/types\/product"}],"wp:featuredmedia":[{"embeddable":true,"href":"https:\/\/ceoparts.com\/tr\/wp-json\/wp\/v2\/media\/15519"}],"wp:attachment":[{"href":"https:\/\/ceoparts.com\/tr\/wp-json\/wp\/v2\/media?parent=9975"}],"wp:term":[{"taxonomy":"product_brand","embeddable":true,"href":"https:\/\/ceoparts.com\/tr\/wp-json\/wp\/v2\/product_brand?post=9975"},{"taxonomy":"product_cat","embeddable":true,"href":"https:\/\/ceoparts.com\/tr\/wp-json\/wp\/v2\/product_cat?post=9975"},{"taxonomy":"product_tag","embeddable":true,"href":"https:\/\/ceoparts.com\/tr\/wp-json\/wp\/v2\/product_tag?post=9975"}],"curies":[{"name":"wp","href":"https:\/\/api.w.org\/{rel}","templated":true}]}}