{"id":9979,"date":"2024-09-06T16:49:14","date_gmt":"2024-09-06T13:49:14","guid":{"rendered":"https:\/\/ceoparts.com\/?post_type=product&#038;p=9979"},"modified":"2026-05-03T03:05:13","modified_gmt":"2026-05-03T00:05:13","slug":"100x74-78-25-ceoparts-yuk-tekeri-2","status":"publish","type":"product","link":"https:\/\/ceoparts.com\/tr\/urun\/100x74-78-25-ceoparts-yuk-tekeri-2\/","title":{"rendered":"100&#215;74\/78-25 Ceoparts Y\u00fck Tekeri"},"content":{"rendered":"<p>100&#215;74\/78-25 Ceoparts Y\u00fck Tekeri<\/p>","protected":false},"excerpt":{"rendered":"<p data-start=\"96\" data-end=\"522\"><br data-start=\"101\" data-end=\"104\" \/>Forklift ve i\u015f makineleri i\u00e7in \u00f6zel olarak tasarlanm\u0131\u015f <strong data-start=\"159\" data-end=\"195\">100\u00d774\/78-25 Ceoparts Y\u00fck Tekeri<\/strong>, y\u00fcksek ta\u015f\u0131ma kapasitesi ve dayan\u0131kl\u0131l\u0131k sunar. Kaliteli kau\u00e7uk malzeme ve g\u00fc\u00e7lendirilmi\u015f metal g\u00f6vde birle\u015fimi, zorlu \u00e7al\u0131\u015fma ko\u015fullar\u0131nda uzun \u00f6m\u00fcrl\u00fc performans sa\u011flar. \u0130\u015f makinelerinin verimlili\u011fini art\u0131r\u0131rken, titre\u015fimleri azaltarak operat\u00f6r konforunu destekler. Kolay bak\u0131m ve dayan\u0131kl\u0131l\u0131k a\u00e7\u0131s\u0131ndan kritik bir par\u00e7ad\u0131r.<\/p>\n<p data-start=\"524\" data-end=\"837\"><strong data-start=\"524\" data-end=\"538\">\u00d6zellikler<\/strong><br data-start=\"538\" data-end=\"541\" \/><strong data-start=\"541\" data-end=\"554\">\u00dcr\u00fcn Ad\u0131:<\/strong> Y\u00fck Tekeri<br data-start=\"565\" data-end=\"568\" \/><strong data-start=\"568\" data-end=\"583\">Par\u00e7a Kodu:<\/strong> &#8211;\u00a0<br data-start=\"609\" data-end=\"612\" \/><strong data-start=\"612\" data-end=\"624\">Malzeme:<\/strong> Dayan\u0131kl\u0131 kau\u00e7uk, g\u00fc\u00e7lendirilmi\u015f metal g\u00f6vde<br data-start=\"669\" data-end=\"672\" \/><strong data-start=\"672\" data-end=\"691\">Kullan\u0131m Alan\u0131:<\/strong> Forklift ve i\u015f makineleri y\u00fck ta\u015f\u0131ma sistemi<br data-start=\"736\" data-end=\"739\" \/><strong data-start=\"739\" data-end=\"751\">Avantaj:<\/strong> Y\u00fcksek a\u015f\u0131nma direnci, uzun \u00f6m\u00fcr, titre\u015fim azaltma, kolay bak\u0131m, geli\u015fmi\u015f stabilite<\/p>\n<p data-start=\"839\" data-end=\"1288\">\n","protected":false},"featured_media":15064,"template":"","meta":[],"product_brand":[],"product_cat":[400,395,398],"product_tag":[],"class_list":{"0":"post-9979","1":"product","2":"type-product","3":"status-publish","4":"has-post-thumbnail","6":"product_cat-catal-tekeri","7":"product_cat-ceoparts","8":"product_cat-catal-tekeri-ceo","10":"first","11":"instock","12":"taxable","13":"shipping-taxable","14":"purchasable","15":"product-type-simple"},"_links":{"self":[{"href":"https:\/\/ceoparts.com\/tr\/wp-json\/wp\/v2\/product\/9979","targetHints":{"allow":["GET"]}}],"collection":[{"href":"https:\/\/ceoparts.com\/tr\/wp-json\/wp\/v2\/product"}],"about":[{"href":"https:\/\/ceoparts.com\/tr\/wp-json\/wp\/v2\/types\/product"}],"wp:featuredmedia":[{"embeddable":true,"href":"https:\/\/ceoparts.com\/tr\/wp-json\/wp\/v2\/media\/15064"}],"wp:attachment":[{"href":"https:\/\/ceoparts.com\/tr\/wp-json\/wp\/v2\/media?parent=9979"}],"wp:term":[{"taxonomy":"product_brand","embeddable":true,"href":"https:\/\/ceoparts.com\/tr\/wp-json\/wp\/v2\/product_brand?post=9979"},{"taxonomy":"product_cat","embeddable":true,"href":"https:\/\/ceoparts.com\/tr\/wp-json\/wp\/v2\/product_cat?post=9979"},{"taxonomy":"product_tag","embeddable":true,"href":"https:\/\/ceoparts.com\/tr\/wp-json\/wp\/v2\/product_tag?post=9979"}],"curies":[{"name":"wp","href":"https:\/\/api.w.org\/{rel}","templated":true}]}}